{"id":112,"date":"2025-11-19T20:08:06","date_gmt":"2025-11-19T19:08:06","guid":{"rendered":"http:\/\/fortunella.com.pl\/?page_id=112"},"modified":"2025-11-19T20:08:12","modified_gmt":"2025-11-19T19:08:12","slug":"o-nas","status":"publish","type":"page","link":"https:\/\/fortunella.com.pl\/index.php\/o-nas\/","title":{"rendered":"O nas"},"content":{"rendered":"\n<h2 class=\"wp-block-heading\">Fortunata \u2013 Pasja, Do\u015bwiadczenie i Wiedza, kt\u00f3re tworz\u0105 Cuda!<\/h2>\n\n\n\n<p>Fortunata powsta\u0142a z po\u0142\u0105czenia serc i pasji naszej czw\u00f3rki \u2013 z potrzeby pomagania sobie i innym, z mi\u0142o\u015bci do \u017cycia oraz z g\u0142\u0119bokiego szacunku do mocy natury. To przestrze\u0144, w kt\u00f3rej odzyskujesz r\u00f3wnowag\u0119, odkrywasz pi\u0119kno wok\u00f3\u0142 siebie i na nowo uczysz si\u0119 \u017cy\u0107 w harmonii.<\/p>\n\n\n\n<p>\u0141\u0105czymy pasj\u0119, do\u015bwiadczenie i wiedz\u0119, tworz\u0105c wyj\u0105tkowe rozwi\u0105zania, kt\u00f3re wspieraj\u0105 rozw\u00f3j, zdrowie i dobrostan. Nasza dzia\u0142alno\u015b\u0107 opiera si\u0119 na harmonijnym po\u0142\u0105czeniu cia\u0142a, umys\u0142u i duszy \u2013 by\u015b m\u00f3g\u0142 z \u0142atwo\u015bci\u0105 realizowa\u0107 swoje marzenia i do\u015bwiadcza\u0107 pe\u0142ni \u017cycia.<\/p>\n\n\n\n<h3 class=\"wp-block-heading\">Co nas wyr\u00f3\u017cnia?<\/h3>\n\n\n\n<p>&#x2728; Pasja \u2013 Kochamy to, co robimy. Ka\u017cdy projekt i ka\u017cda us\u0142uga powstaje z autentycznego zaanga\u017cowania i rado\u015bci tworzenia. Nasza pasja do odkrywania nowych mo\u017cliwo\u015bci inspiruje nas do dzia\u0142ania i dzielenia si\u0119 tym, co najlepsze.<\/p>\n\n\n\n<p>&#x2728; Do\u015bwiadczenie \u2013 Wnosimy lata praktyki i wiedzy, kt\u00f3re daj\u0105 Ci pewno\u015b\u0107, \u017ce jeste\u015b w dobrych r\u0119kach. Ka\u017cda z nas ma za sob\u0105 niemal 20-letnie do\u015bwiadczenie, dzi\u0119ki kt\u00f3remu skutecznie wspar\u0142y\u015bmy ju\u017c tysi\u0105ce os\u00f3b na ich drodze do zdrowia, rozwoju i wewn\u0119trznej harmonii. Ka\u017cda wsp\u00f3\u0142praca z nami to krok w stron\u0119 r\u00f3wnowagi i sukcesu.<\/p>\n\n\n\n<p>&#x2728; Nauka i wiedza \u2013 Czerpiemy inspiracj\u0119 zar\u00f3wno z najnowszych odkry\u0107 nauki, jak i z tradycyjnych, skutecznych metod, sprawdzonych przez tysi\u0105ce lat. \u0141\u0105czymy rzetelno\u015b\u0107 bada\u0144 z m\u0105dro\u015bci\u0105 dawnych praktyk i holistycznym podej\u015bciem, dzi\u0119ki czemu oferujemy rozwi\u0105zania skuteczne i dostosowane do Twoich indywidualnych potrzeb.<\/p>\n\n\n\n<p>&#x2728; Uzdrawianie \u2013 Wierzymy w moc regeneracji cia\u0142a i umys\u0142u. Nasze metody przywracaj\u0105 spok\u00f3j, redukuj\u0105 stres i wspieraj\u0105 naturalne procesy samouzdrawiania.<\/p>\n\n\n\n<h1 class=\"wp-block-heading\">Holistyczna Przestrze\u0144 Transformacji w Fortunacie<\/h1>\n\n\n\n<p>Cz\u0142owiek to nie tylko cia\u0142o i umys\u0142 \u2013 to tak\u017ce energia, emocje i g\u0142\u0119boko zakorzenione wzorce i przekonania, kt\u00f3re cz\u0119sto nie\u015bwiadomie wp\u0142ywaj\u0105 na nasze \u017cycie. W naszym o\u015brodku \u0142\u0105czymy nowoczesn\u0105 wiedz\u0119, fizyk\u0119 kwantow\u0105, staro\u017cytne praktyki oraz metody terapeutyczne, by wspiera\u0107 Ci\u0119 w powrocie do r\u00f3wnowagi, zdrowia i rado\u015bci.<\/p>\n\n\n\n<h2 class=\"wp-block-heading\">Gra Terapeutyczna \u201e22 Iskry \u017bycia\u201d<\/h2>\n\n\n\n<p>To g\u0142\u0119boka podr\u00f3\u017c w g\u0142\u0105b siebie. Gra ods\u0142ania ukryte wzorce, pokazuje \u017ar\u00f3d\u0142a problem\u00f3w i blokad oraz daje wgl\u0105d w to, co naprawd\u0119 Ci\u0119 powstrzymuje. Dzi\u0119ki niej mo\u017cesz odkry\u0107 swoje zasoby i odnale\u017a\u0107 nowe mo\u017cliwo\u015bci \u2013 tak, by \u017cy\u0107 pe\u0142niej i l\u017cej.<\/p>\n\n\n\n<h2 class=\"wp-block-heading\">Fizyka kwantowa a \u017cycie emocjonalne i zdrowie<\/h2>\n\n\n\n<p>Ka\u017cda emocja, ka\u017cda my\u015bl to energia o okre\u015blonej cz\u0119stotliwo\u015bci wibracji. Strach i gniew obni\u017caj\u0105 wibracje, rado\u015b\u0107 i wdzi\u0119czno\u015b\u0107 podnosz\u0105 je, wspieraj\u0105c zdrowie. W naszej pracy pomagamy Ci zmienia\u0107 jako\u015b\u0107 energii, uwalnia\u0107 blokady i odzyskiwa\u0107 spok\u00f3j. To bezpo\u015brednio przek\u0142ada si\u0119 na zdrowie psychiczne, fizyczne i emocjonalne. Uwalniamy zablokowane w ciele energie<\/p>\n\n\n\n<h2 class=\"wp-block-heading\">Kod Emocji \u2013 uwalnianie zablokowanych w ciele emocji, blokad energetycznych<\/h2>\n\n\n\n<p>Niewyra\u017cone emocje, traumy i dawne do\u015bwiadczenia zapisuj\u0105 si\u0119 w ciele jako energetyczne blokady. Kod Emocji to metoda, kt\u00f3ra pomaga je zidentyfikowa\u0107 i uwolni\u0107. Dzi\u0119ki temu odzyskujesz lekko\u015b\u0107, przestrze\u0144 na nowe do\u015bwiadczenia i naturaln\u0105 zdolno\u015b\u0107 cia\u0142a do samouzdrawiania.<\/p>\n\n\n\n<h2 class=\"wp-block-heading\">Uwalnianie przekona\u0144 i program\u00f3w<\/h2>\n\n\n\n<p>Wiele naszych problem\u00f3w wynika z nieu\u015bwiadomionych przekona\u0144 i schemat\u00f3w \u2013 cz\u0119sto odziedziczonych po przodkach. Pracujemy nad ich odkodowaniem, aby\u015b m\u00f3g\u0142 odzyska\u0107 wolno\u015b\u0107 wyboru, kreowa\u0107 swoj\u0105 przysz\u0142o\u015b\u0107 i \u017cy\u0107 w zgodzie ze sob\u0105.<\/p>\n\n\n\n<p>Od\u017cywianie wed\u0142ug 5 smak\u00f3w<\/p>\n\n\n\n<p>Od\u017cywianie wed\u0142ug 5 smak\u00f3w opiera si\u0119 na prawach i cyklach natury, w kt\u00f3rych wszystko pozostaje ze sob\u0105 w harmonii. Potrawy przygotowane w ten spos\u00f3b wzmacniaj\u0105 cia\u0142o, wspieraj\u0105 naturalne procesy organizmu i pomagaj\u0105 w powrocie do zdrowia. To kuchnia pe\u0142na energii, smaku i prostoty, kt\u00f3ra od\u017cywia zar\u00f3wno cia\u0142o, jak i ducha.<\/p>\n\n\n\n<h2 class=\"wp-block-heading\">Qi Gong \u2013 harmonia ruchu i oddechu<\/h2>\n\n\n\n<p>\u0141\u0105cz\u0105c ruch, oddech i medytacj\u0119, Qi Gong pomaga uwolni\u0107 napi\u0119cia, wzmocni\u0107 energi\u0119 \u017cyciow\u0105 i przywr\u00f3ci\u0107 harmoni\u0119. To praktyka, kt\u00f3ra r\u00f3wnowa\u017cy cia\u0142o, umys\u0142 i dusz\u0119, otwieraj\u0105c przestrze\u0144 na spok\u00f3j i zdrowie.<\/p>\n\n\n\n<h2 class=\"wp-block-heading\">Dlaczego my?<\/h2>\n\n\n\n<p>\u0141\u0105czymy:<br>&#x2714; prac\u0119 z energi\u0105 i emocjami (Kod Emocji, Access Bars, gra terapeutyczna, uwalnianie program\u00f3w),<br>&#x2714; holistyczne podej\u015bcie do zdrowia (fizyka kwantowa, zr\u00f3wnowa\u017cone od\u017cywianie),<br>&#x2714; prac\u0119 z cia\u0142em i oddechem (Qi Gong, techniki relaksacyjne).<\/p>\n\n\n\n<p>Tworzymy przestrze\u0144, w kt\u00f3rej odzyskasz r\u00f3wnowag\u0119 i odkryjesz sw\u00f3j wewn\u0119trzny potencja\u0142.Poczuj, jak Twoje \u017cycie staje si\u0119 l\u017cejsze, zdrowsze i pe\u0142niejsze.<br>Zapraszamy Ci\u0119 do naszej Przestrzeni Transformacji Fortunata \u2013 miejsca, w kt\u00f3rym odzyskasz energi\u0119, harmoni\u0119, dobrostan i rado\u015b\u0107 \u017cycia.<\/p>\n","protected":false},"excerpt":{"rendered":"<p>Fortunata \u2013 Pasja, Do\u015bwiadczenie i Wiedza, kt\u00f3re tworz\u0105 Cuda! Fortunata powsta\u0142a z po\u0142\u0105czenia serc i pasji naszej czw\u00f3rki \u2013 z potrzeby pomagania sobie i innym, z mi\u0142o\u015bci do \u017cycia oraz z g\u0142\u0119bokiego szacunku do mocy natury. To przestrze\u0144, w kt\u00f3rej odzyskujesz r\u00f3wnowag\u0119, odkrywasz pi\u0119kno wok\u00f3\u0142 siebie i na nowo uczysz si\u0119 \u017cy\u0107 w harmonii. \u0141\u0105czymy [&hellip;]<\/p>\n","protected":false},"author":1,"featured_media":0,"parent":0,"menu_order":0,"comment_status":"closed","ping_status":"closed","template":"","meta":{"footnotes":""},"class_list":["post-112","page","type-page","status-publish","hentry"],"_links":{"self":[{"href":"https:\/\/fortunella.com.pl\/index.php\/wp-json\/wp\/v2\/pages\/112","targetHints":{"allow":["GET"]}}],"collection":[{"href":"https:\/\/fortunella.com.pl\/index.php\/wp-json\/wp\/v2\/pages"}],"about":[{"href":"https:\/\/fortunella.com.pl\/index.php\/wp-json\/wp\/v2\/types\/page"}],"author":[{"embeddable":true,"href":"https:\/\/fortunella.com.pl\/index.php\/wp-json\/wp\/v2\/users\/1"}],"replies":[{"embeddable":true,"href":"https:\/\/fortunella.com.pl\/index.php\/wp-json\/wp\/v2\/comments?post=112"}],"version-history":[{"count":2,"href":"https:\/\/fortunella.com.pl\/index.php\/wp-json\/wp\/v2\/pages\/112\/revisions"}],"predecessor-version":[{"id":114,"href":"https:\/\/fortunella.com.pl\/index.php\/wp-json\/wp\/v2\/pages\/112\/revisions\/114"}],"wp:attachment":[{"href":"https:\/\/fortunella.com.pl\/index.php\/wp-json\/wp\/v2\/media?parent=112"}],"curies":[{"name":"wp","href":"https:\/\/api.w.org\/{rel}","templated":true}]}}