{"id":115,"date":"2025-11-19T20:09:00","date_gmt":"2025-11-19T19:09:00","guid":{"rendered":"http:\/\/fortunella.com.pl\/?page_id=115"},"modified":"2025-11-19T20:09:00","modified_gmt":"2025-11-19T19:09:00","slug":"noclegi","status":"publish","type":"page","link":"https:\/\/fortunella.com.pl\/index.php\/noclegi\/","title":{"rendered":"Noclegi"},"content":{"rendered":"\n<h2 class=\"wp-block-heading\"><em>Odpocznij w sercu Kaszub<\/em><\/h2>\n\n\n\n<p>Szukasz miejsca, gdzie natura spotyka si\u0119 z komfortem, a ka\u017cdy dzie\u0144 przynosi spok\u00f3j i now\u0105 energi\u0119? Nasze bazy noclegowe na Kaszubach to idealna przestrze\u0144 do regeneracji, integracji i odkrywania pi\u0119kna \u017cycia z dala od miejskiego zgie\u0142ku.<\/p>\n\n\n\n<p>&#x2728; Dwie wyj\u0105tkowe -lokalizacje miejsce z dusz\u0105 i wyj\u0105tkow\u0105 atmosfer\u0105. Po\u0142o\u017cona w otoczeniu kaszubskich las\u00f3w i p\u00f3l, stanowi doskona\u0142\u0105 przestrze\u0144 zar\u00f3wno do odpoczynku, jak i pracy z grup\u0105. To tutaj odbywaj\u0105 si\u0119 warsztaty, spotkania integracyjne i wyjazdy rozwojowe. Miejsc\u00f3wki w Ko\u015bcierzynie i Nowej Kiszewie \u0142\u0105czy w sobie komfort i swobod\u0119 \u2013 znajdziesz tu przytulne pokoje dwuosobowe, przestronne pokoje wieloosobowe oraz sale sprzyjaj\u0105ce wsp\u00f3lnym aktywno\u015bciom. To idealna przestrze\u0144, by budowa\u0107 relacje, czerpa\u0107 inspiracj\u0119 i na\u0142adowa\u0107 si\u0119 pozytywn\u0105 energi\u0105 p\u0142yn\u0105c\u0105 z natury i wsp\u00f3lnoty.<\/p>\n\n\n\n<ul class=\"wp-block-list\">\n<li>Ko\u015bcierzyna \u2013 Rancho Korneli \u2013 miejsce malowniczo po\u0142o\u017cone w lesie przy rzece, otoczone natur\u0105, idealne na wyciszenie i odpoczynek. Mo\u017cliwo\u015b\u0107 organizacji spotka\u0144, warsztat\u00f3w i wsp\u00f3lnych chwil<br><\/li>\n\n\n\n<li>Nowa Kiszewa -Go\u015bcinny Zak\u0105tek \u2013 urokliwe miejsce po\u0142o\u017cone w sercu Kaszub, niedaleko Borska i Wdzydz. To przestrze\u0144 stworzona dla tych, kt\u00f3rzy pragn\u0105 wytchnienia w ciszy natury, ale tak\u017ce dla mi\u0142o\u015bnik\u00f3w aktywno\u015bci na \u015bwie\u017cym powietrzu.<br><\/li>\n<\/ul>\n\n\n\n<p>&#x2728; R\u00f3\u017cnorodne opcje noclegowe<\/p>\n\n\n\n<ul class=\"wp-block-list\">\n<li>Pokoje dwuosobowe \u2013 kameralne, wygodne, dla os\u00f3b ceni\u0105cych prywatno\u015b\u0107.<\/li>\n\n\n\n<li>Pokoje wieloosobowe \u2013 stworzone z my\u015bl\u0105 o grupach, idealne na wyjazdy integracyjne i warsztaty.<\/li>\n\n\n\n<li>Sale wieloosobowe \u2013 przestrze\u0144, kt\u00f3ra buduje wsp\u00f3lnot\u0119 i sprzyja energii grupy.<\/li>\n\n\n\n<li>Noclegi w hotelowym stylu \u2013 dla tych, kt\u00f3rzy preferuj\u0105 pe\u0142en komfort, organizujemy pobyt w pobliskiej bazie hotelowej.<br><\/li>\n<\/ul>\n\n\n\n<p>&#x2728; Pe\u0142ne wy\u017cywienie<br>Aby Tw\u00f3j pobyt by\u0142 jeszcze bardziej wyj\u0105tkowy, oferujemy mo\u017cliwo\u015b\u0107 pe\u0142nego wy\u017cywienia oraz dostarczania \u015bwie\u017cych, domowych posi\u0142k\u00f3w od lokalnych gospodarzy. To gwarancja smaku, jako\u015bci i blisko\u015bci tradycji kaszubskiej.<\/p>\n\n\n\n<p>Niezale\u017cnie od tego, czy pragniesz ciszy i kontaktu z natur\u0105, czy te\u017c energii wsp\u00f3lnej integracji \u2013 u nas znajdziesz idealne warunki, by na\u0142adowa\u0107 baterie i poczu\u0107 si\u0119 naprawd\u0119 dobrze.<\/p>\n","protected":false},"excerpt":{"rendered":"<p>Odpocznij w sercu Kaszub Szukasz miejsca, gdzie natura spotyka si\u0119 z komfortem, a ka\u017cdy dzie\u0144 przynosi spok\u00f3j i now\u0105 energi\u0119? Nasze bazy noclegowe na Kaszubach to idealna przestrze\u0144 do regeneracji, integracji i odkrywania pi\u0119kna \u017cycia z dala od miejskiego zgie\u0142ku. &#x2728; Dwie wyj\u0105tkowe -lokalizacje miejsce z dusz\u0105 i wyj\u0105tkow\u0105 atmosfer\u0105. Po\u0142o\u017cona w otoczeniu kaszubskich las\u00f3w [&hellip;]<\/p>\n","protected":false},"author":1,"featured_media":0,"parent":0,"menu_order":0,"comment_status":"closed","ping_status":"closed","template":"","meta":{"footnotes":""},"class_list":["post-115","page","type-page","status-publish","hentry"],"_links":{"self":[{"href":"https:\/\/fortunella.com.pl\/index.php\/wp-json\/wp\/v2\/pages\/115","targetHints":{"allow":["GET"]}}],"collection":[{"href":"https:\/\/fortunella.com.pl\/index.php\/wp-json\/wp\/v2\/pages"}],"about":[{"href":"https:\/\/fortunella.com.pl\/index.php\/wp-json\/wp\/v2\/types\/page"}],"author":[{"embeddable":true,"href":"https:\/\/fortunella.com.pl\/index.php\/wp-json\/wp\/v2\/users\/1"}],"replies":[{"embeddable":true,"href":"https:\/\/fortunella.com.pl\/index.php\/wp-json\/wp\/v2\/comments?post=115"}],"version-history":[{"count":1,"href":"https:\/\/fortunella.com.pl\/index.php\/wp-json\/wp\/v2\/pages\/115\/revisions"}],"predecessor-version":[{"id":116,"href":"https:\/\/fortunella.com.pl\/index.php\/wp-json\/wp\/v2\/pages\/115\/revisions\/116"}],"wp:attachment":[{"href":"https:\/\/fortunella.com.pl\/index.php\/wp-json\/wp\/v2\/media?parent=115"}],"curies":[{"name":"wp","href":"https:\/\/api.w.org\/{rel}","templated":true}]}}