{"id":133,"date":"2025-11-19T20:22:41","date_gmt":"2025-11-19T19:22:41","guid":{"rendered":"http:\/\/fortunella.com.pl\/?page_id=133"},"modified":"2025-11-19T20:22:41","modified_gmt":"2025-11-19T19:22:41","slug":"shinrin-yoku-czyli-kapiele-lesne","status":"publish","type":"page","link":"https:\/\/fortunella.com.pl\/index.php\/shinrin-yoku-czyli-kapiele-lesne\/","title":{"rendered":"Shinrin-yoku, czyli \u201ek\u0105piele le\u015bne\u201d"},"content":{"rendered":"\n<h5 class=\"wp-block-heading\">Zanurz si\u0119 w naturze &#8211; odkryj moc le\u015bnej terapii<\/h5>\n\n\n\n<h5 class=\"wp-block-heading\">Witaj w \u015bwiecie le\u015bnych spacer\u00f3w \u2013 techniki, kt\u00f3ra z Japonii trafi\u0142a na ca\u0142y \u015bwiat, przynosz\u0105c ze sob\u0105 niesamowite korzy\u015bci zdrowotne i emocjonalne. Shinrin-yoku, czyli \u201ek\u0105piel le\u015bna\u201d, to co\u015b wi\u0119cej ni\u017c tylko spacer. To g\u0142\u0119boki kontakt z natur\u0105, kt\u00f3ry pozwala na pe\u0142n\u0105 regeneracj\u0119 cia\u0142a i umys\u0142u. Prze\u017cyj chwil\u0119 spokoju, relaksu i harmonii w otoczeniu lasu, kt\u00f3ry dzia\u0142a jak naturalny \u201elekarz\u201d dla Twojego organizmu.<\/h5>\n\n\n\n<h5 class=\"wp-block-heading\">Zanurzenie si\u0119 w le\u015bnej atmosferze to jak zanurzenie w wodzie \u2013 pe\u0142ne odpr\u0119\u017cenie, oczyszczenie i regeneracja. Ka\u017cdy krok, ka\u017cdy oddech w lesie przynosi korzy\u015bci. Le\u015bne \u015brodowisko obfituje w fitoncydy, olejki eteryczne oraz dobroczynne mikroorganizmy, kt\u00f3re wspomagaj\u0105 naturalne procesy obronne organizmu. Stymuluj\u0105 nasz\u0105 odporno\u015b\u0107, obni\u017caj\u0105 poziom stresu i pomagaj\u0105 w normalizacji ci\u015bnienia krwi, t\u0119tna czy poziomu glukozy.<\/h5>\n\n\n\n<h5 class=\"wp-block-heading\">Dzi\u0119ki unikalnym w\u0142a\u015bciwo\u015bciom klimatycznym lasu \u2013 odpowiedniej wilgotno\u015bci, nas\u0142onecznieniu i naturalnym d\u017awi\u0119kom \u2013 nasze zmys\u0142y do\u015bwiadczaj\u0105 g\u0142\u0119bokiego relaksu, przywracaj\u0105c r\u00f3wnowag\u0119 w codziennym \u017cyciu. Badania naukowe potwierdzaj\u0105, \u017ce technika ta wspomaga procesy rehabilitacyjne, profilaktyczne i terapeutyczne, a jej zalety s\u0105 doceniane na ca\u0142ym \u015bwiecie.<\/h5>\n\n\n\n<h5 class=\"wp-block-heading\">W dzisiejszym zabieganym \u015bwiecie, pe\u0142nym stresu i ha\u0142asu, las staje si\u0119 bezcennym miejscem, kt\u00f3re pomaga odzyska\u0107 harmoni\u0119. Wybierz si\u0119 na spacer w lesie i poczuj, jak Twoje cia\u0142o odzyskuje si\u0142y, a umys\u0142 znajduje ukojenie. Zanurz si\u0119 w naturze i poczuj r\u00f3\u017cnic\u0119 \u2013 zdrowie zaczyna si\u0119 w kontakcie z tym, co naturalne.&nbsp;<\/h5>\n\n\n\n<p>Pami\u0119taj k\u0105piel le\u015bna to nie jest zwyk\u0142y spacer po lesie, to ch\u0142oni\u0119cie lasu ka\u017cdym zmys\u0142em i kom\u00f3rk\u0105 Twojego cia\u0142a.&nbsp;K\u0105piele le\u015bne przeprowadzamy w zorganizowanych grupach b\u0105d\u017a indywidualnie. Czas trwania takiej terapii uzale\u017cniony jest indywidualnie i trwa 1-4h&nbsp;<\/p>\n","protected":false},"excerpt":{"rendered":"<p>Zanurz si\u0119 w naturze &#8211; odkryj moc le\u015bnej terapii Witaj w \u015bwiecie le\u015bnych spacer\u00f3w \u2013 techniki, kt\u00f3ra z Japonii trafi\u0142a na ca\u0142y \u015bwiat, przynosz\u0105c ze sob\u0105 niesamowite korzy\u015bci zdrowotne i emocjonalne. Shinrin-yoku, czyli \u201ek\u0105piel le\u015bna\u201d, to co\u015b wi\u0119cej ni\u017c tylko spacer. To g\u0142\u0119boki kontakt z natur\u0105, kt\u00f3ry pozwala na pe\u0142n\u0105 regeneracj\u0119 cia\u0142a i umys\u0142u. Prze\u017cyj [&hellip;]<\/p>\n","protected":false},"author":1,"featured_media":0,"parent":0,"menu_order":0,"comment_status":"closed","ping_status":"closed","template":"","meta":{"footnotes":""},"class_list":["post-133","page","type-page","status-publish","hentry"],"_links":{"self":[{"href":"https:\/\/fortunella.com.pl\/index.php\/wp-json\/wp\/v2\/pages\/133","targetHints":{"allow":["GET"]}}],"collection":[{"href":"https:\/\/fortunella.com.pl\/index.php\/wp-json\/wp\/v2\/pages"}],"about":[{"href":"https:\/\/fortunella.com.pl\/index.php\/wp-json\/wp\/v2\/types\/page"}],"author":[{"embeddable":true,"href":"https:\/\/fortunella.com.pl\/index.php\/wp-json\/wp\/v2\/users\/1"}],"replies":[{"embeddable":true,"href":"https:\/\/fortunella.com.pl\/index.php\/wp-json\/wp\/v2\/comments?post=133"}],"version-history":[{"count":1,"href":"https:\/\/fortunella.com.pl\/index.php\/wp-json\/wp\/v2\/pages\/133\/revisions"}],"predecessor-version":[{"id":134,"href":"https:\/\/fortunella.com.pl\/index.php\/wp-json\/wp\/v2\/pages\/133\/revisions\/134"}],"wp:attachment":[{"href":"https:\/\/fortunella.com.pl\/index.php\/wp-json\/wp\/v2\/media?parent=133"}],"curies":[{"name":"wp","href":"https:\/\/api.w.org\/{rel}","templated":true}]}}