{"id":145,"date":"2025-11-19T20:25:30","date_gmt":"2025-11-19T19:25:30","guid":{"rendered":"http:\/\/fortunella.com.pl\/?page_id=145"},"modified":"2025-11-19T20:25:30","modified_gmt":"2025-11-19T19:25:30","slug":"zabiegi","status":"publish","type":"page","link":"https:\/\/fortunella.com.pl\/index.php\/zabiegi\/","title":{"rendered":"Zabiegi"},"content":{"rendered":"\n<p>*Beauty Chaking \u2013 masa\u017c twarzy<br><br>Beauty Chaking to autorska technika masa\u017cu twarzy. To metoda \u0142\u0105cz\u0105ca elementy klasycznego masa\u017cu, refleksoterapii oraz pracy na g\u0142\u0119bszych warstwach mi\u0119\u015bni i powi\u0119zi twarzy.<br><br>Podczas sesji wykorzystuje si\u0119 r\u00f3\u017cne narz\u0119dzia i metody, takie jak:<br>-akupunktura kosmetyczna<br>-ba\u0144ki pr\u00f3\u017cniowe<\/p>\n\n\n\n<p>-Gua Sha \u2013 p\u0142ytka do masa\u017cu, kt\u00f3ra rozlu\u017ania mi\u0119\u015bnie, u\u0142atwia przep\u0142yw limfy<br>-masa\u017c manualny<\/p>\n\n\n\n<p><br>Co nam daje Beauty Chaking ?<\/p>\n\n\n\n<ul class=\"wp-block-list\">\n<li>poprawia ukrwienie i dotlenienie sk\u00f3ry,<\/li>\n\n\n\n<li>stymuluje naturaln\u0105 produkcj\u0119 kolagenu,<\/li>\n\n\n\n<li>redukuje napi\u0119cia mi\u0119\u015bni twarzy (cz\u0119sto zwi\u0105zane ze stresem),<\/li>\n\n\n\n<li>modeluje owal twarzy i dzia\u0142a jak naturalny lifting,<\/li>\n\n\n\n<li>wspiera drena\u017c limfatyczny, zmniejszaj\u0105c obrz\u0119ki.<br><\/li>\n<\/ul>\n\n\n\n<p>To zabieg dla os\u00f3b, kt\u00f3re chc\u0105 zadba\u0107 o sk\u00f3r\u0119 w spos\u00f3b naturalny, bez inwazyjnych metod. \u0141\u0105czy w sobie efekt piel\u0119gnacyjny i g\u0142\u0119boko relaksacyjny \u2013 dzia\u0142a zar\u00f3wno na wygl\u0105d, jak i na samopoczucie.<br><br><\/p>\n\n\n\n<p>*Termopunktura<\/p>\n\n\n\n<p>Termopunktura to naturalna metoda terapeutyczna wywodz\u0105ca si\u0119 z Tradycyjnej Medycyny Chi\u0144skiej, kt\u00f3ra polega na ogrzewaniu okre\u015blonych punkt\u00f3w na ciele. W odr\u00f3\u017cnieniu od akupunktury, gdzie u\u017cywa si\u0119 igie\u0142, tutaj wykorzystywane jest ciep\u0142o \u2013 najcz\u0119\u015bciej poprzez pal\u0105ce si\u0119 cygaro z suszonych li\u015bci bylicy pospolitej (moksa), specjalne lampy, ba\u0144ki lub termofory.<br><br>&#x1f449; Na czym polega?<br>Ciep\u0142o przyk\u0142adane do punkt\u00f3w akupunkturowych pobudza kr\u0105\u017cenie energii Qi i krwi, rozprasza zimno, usuwa zast\u00f3j i wzmacnia os\u0142abione narz\u0105dy.<br><br>&#x1f449; Kiedy si\u0119 stosuje?<br>przy wych\u0142odzeniu organizmu<br>w stanach os\u0142abienia i zm\u0119czenia<br>przy b\u00f3lach mi\u0119\u015bni i staw\u00f3w<br>przy problemach trawiennych i nerkowych<br>w profilaktyce \u2013 dla wzmocnienia odporno\u015bci<br><br><br>&#x1f449; Co daje?<br>-poprawia kr\u0105\u017cenie<br>-wzmacnia energi\u0119 \u017cyciow\u0105<br>-rozlu\u017ania napi\u0119cia<br>-wspiera proces samoregulacji organizmu<br><br><\/p>\n\n\n\n<p>*\u015awiecowanie uszu<br><br>\u015awiecowanie uszu to naturalna metoda znana od wiek\u00f3w w r\u00f3\u017cnych kulturach. Jej korzenie si\u0119gaj\u0105 Indian Hopi w Ameryce P\u00f3\u0142nocnej, staro\u017cytnych Egipcjan oraz tradycji Dalekiego Wschodu. Zabieg polega na w\u0142o\u017ceniu do ucha specjalnej \u015bwiecy wykonanej z naturalnego wosku i lnu lub bawe\u0142ny, kt\u00f3ra po zapaleniu wytwarza ciep\u0142o i delikatny podci\u015bnieniowy efekt kominowy.<br><br>&#x1f449; Co daje \u015bwiecowanie?<br>pomaga w usuwaniu nadmiaru woskowiny,<br>wspiera oczyszczanie zatok i ucha,<br>dzia\u0142a relaksuj\u0105co, wyciszaj\u0105co, poprawia sen,<br>\u0142agodzi napi\u0119cia w obr\u0119bie g\u0142owy i szyi,<br>wzmacnia koncentracj\u0119 i poczucie odpr\u0119\u017cenia.<br><br>Jednym z ciekawszych aspekt\u00f3w \u015bwiecowania jest wp\u0142yw na nerw b\u0142\u0119dny (nervus vagus) \u2013 najd\u0142u\u017cszy nerw czaszkowy w naszym ciele. Zaczyna si\u0119 on w uchu, a nast\u0119pnie biegnie przez gard\u0142o, serce, p\u0142uca a\u017c do przewodu pokarmowego. Jego g\u0142\u00f3wn\u0105 rol\u0105 jest regulacja pracy narz\u0105d\u00f3w wewn\u0119trznych i przywracanie r\u00f3wnowagi mi\u0119dzy uk\u0142adem nerwowym a trawiennym.<br><br>Delikatne ciep\u0142o i stymulacja w obr\u0119bie ucha podczas \u015bwiecowania mog\u0105 aktywowa\u0107 zako\u0144czenia nerwu b\u0142\u0119dnego. Dzi\u0119ki temu zabieg wp\u0142ywa na uk\u0142ad przywsp\u00f3\u0142czulny, co skutkuje g\u0142\u0119bokim relaksem, obni\u017ceniem poziomu stresu, uspokojeniem oddechu i popraw\u0105 pracy uk\u0142adu trawiennego<\/p>\n\n\n\n<p>*Ba\u0144ki<br>Ba\u0144ki to metoda lecznicza znana od setek lat w wielu kulturach \u2013 stosowana zar\u00f3wno w medycynie ludowej, jak i w Tradycyjnej Medycynie Chi\u0144skiej. Polega na przyk\u0142adaniu do sk\u00f3ry specjalnych baniek (szklanych, bambusowych, gumowych lub plastikowych), w kt\u00f3rych wytwarza si\u0119 podci\u015bnienie. Powoduje ono zassanie sk\u00f3ry i tkanki podsk\u00f3rnej do wn\u0119trza ba\u0144ki.<br><br>&#x1f449; Na czym polega dzia\u0142anie?<br>poprawa kr\u0105\u017cenia krwi i limfy,<br>rozlu\u017anianie napi\u0119tych mi\u0119\u015bni,<br>usuwanie toksyn i wilgoci z organizmu,<br>stymulacja punkt\u00f3w akupunkturowych i meridian\u00f3w,<br>wspieranie odporno\u015bci \u2013 szczeg\u00f3lnie przy przezi\u0119bieniach<br><br>&#x1f449; Zastosowanie<br>-w przezi\u0119bieniach i infekcjach dr\u00f3g oddechowych,<br>-w b\u00f3lach mi\u0119\u015bniowych i kr\u0119gos\u0142upa,<br>-w stanach napi\u0119cia i przewlek\u0142ego zm\u0119czenia,<br>-w terapiach wspieraj\u0105cych odchudzanie i modelowanie sylwetki (np. masa\u017c ba\u0144k\u0105 chi\u0144sk\u0105).<\/p>\n\n\n\n<p>Przy wszystkich zabiegach stosujemy dodatkowo relaksuj\u0105c\u0105 i wspieraj\u0105c\u0105 proces uzdrawiania aromaterapi\u0119<\/p>\n","protected":false},"excerpt":{"rendered":"<p>*Beauty Chaking \u2013 masa\u017c twarzy Beauty Chaking to autorska technika masa\u017cu twarzy. To metoda \u0142\u0105cz\u0105ca elementy klasycznego masa\u017cu, refleksoterapii oraz pracy na g\u0142\u0119bszych warstwach mi\u0119\u015bni i powi\u0119zi twarzy. Podczas sesji wykorzystuje si\u0119 r\u00f3\u017cne narz\u0119dzia i metody, takie jak:-akupunktura kosmetyczna-ba\u0144ki pr\u00f3\u017cniowe -Gua Sha \u2013 p\u0142ytka do masa\u017cu, kt\u00f3ra rozlu\u017ania mi\u0119\u015bnie, u\u0142atwia przep\u0142yw limfy-masa\u017c manualny Co nam [&hellip;]<\/p>\n","protected":false},"author":1,"featured_media":0,"parent":0,"menu_order":0,"comment_status":"closed","ping_status":"closed","template":"","meta":{"footnotes":""},"class_list":["post-145","page","type-page","status-publish","hentry"],"_links":{"self":[{"href":"https:\/\/fortunella.com.pl\/index.php\/wp-json\/wp\/v2\/pages\/145","targetHints":{"allow":["GET"]}}],"collection":[{"href":"https:\/\/fortunella.com.pl\/index.php\/wp-json\/wp\/v2\/pages"}],"about":[{"href":"https:\/\/fortunella.com.pl\/index.php\/wp-json\/wp\/v2\/types\/page"}],"author":[{"embeddable":true,"href":"https:\/\/fortunella.com.pl\/index.php\/wp-json\/wp\/v2\/users\/1"}],"replies":[{"embeddable":true,"href":"https:\/\/fortunella.com.pl\/index.php\/wp-json\/wp\/v2\/comments?post=145"}],"version-history":[{"count":1,"href":"https:\/\/fortunella.com.pl\/index.php\/wp-json\/wp\/v2\/pages\/145\/revisions"}],"predecessor-version":[{"id":146,"href":"https:\/\/fortunella.com.pl\/index.php\/wp-json\/wp\/v2\/pages\/145\/revisions\/146"}],"wp:attachment":[{"href":"https:\/\/fortunella.com.pl\/index.php\/wp-json\/wp\/v2\/media?parent=145"}],"curies":[{"name":"wp","href":"https:\/\/api.w.org\/{rel}","templated":true}]}}